{"id":8,"date":"2012-01-01T00:00:00","date_gmt":"2012-01-01T05:00:00","guid":{"rendered":"http:\/\/gqr-lmc-nmp.ca\/system\/?page_id=3"},"modified":"2023-03-17T10:13:24","modified_gmt":"2023-03-17T14:13:24","slug":"plan-du-site","status":"publish","type":"page","link":"https:\/\/www.gqr-lmc-nmp.ca\/system\/plan-du-site\/","title":{"rendered":"Plan du site"},"content":{"rendered":"<ul>\n<li class=\"pagenav\">Pages<ul><li class=\"page_item page-item-7 page_item_has_children\"><a href=\"https:\/\/www.gqr-lmc-nmp.ca\/system\/contenu-par-defaut\/\">Composition du groupe<\/a>\n<ul class='children'>\n\t<li class=\"page_item page-item-310\"><a href=\"https:\/\/www.gqr-lmc-nmp.ca\/system\/contenu-par-defaut\/coordonnees-pour-nous-joindre\/\">Coordonn\u00e9es pour nous joindre<\/a><\/li>\n<\/ul>\n<\/li>\n<li class=\"page_item page-item-111\"><a href=\"https:\/\/www.gqr-lmc-nmp.ca\/system\/missions-et-objectifs\/\">Missions et objectifs<\/a><\/li>\n<li class=\"page_item page-item-126\"><a href=\"https:\/\/www.gqr-lmc-nmp.ca\/system\/protocoles-de-recherche\/\">Protocoles de recherche<\/a><\/li>\n<li class=\"page_item page-item-17\"><a href=\"https:\/\/www.gqr-lmc-nmp.ca\/system\/\">Accueil<\/a><\/li>\n<li class=\"page_item page-item-122\"><a href=\"https:\/\/www.gqr-lmc-nmp.ca\/system\/registres\/\">Registres<\/a><\/li>\n<li class=\"page_item page-item-134\"><a href=\"https:\/\/www.gqr-lmc-nmp.ca\/system\/liens-utiles-documentation\/\">Liens utiles \/ Documentation<\/a><\/li>\n<li class=\"page_item page-item-656\"><a href=\"https:\/\/www.gqr-lmc-nmp.ca\/system\/publications\/\">Publications<\/a><\/li>\n<li class=\"page_item page-item-21 current_page_parent\"><a href=\"https:\/\/www.gqr-lmc-nmp.ca\/system\/nouvelles\/\">Nouvelles<\/a><\/li>\n<li class=\"page_item page-item-43 page_item_has_children\"><a href=\"https:\/\/www.gqr-lmc-nmp.ca\/system\/leucemie-myeloide-chronique\/\">Leuc\u00e9mie my\u00e9lo\u00efde chronique (LMC)<\/a>\n<ul class='children'>\n\t<li class=\"page_item page-item-45\"><a href=\"https:\/\/www.gqr-lmc-nmp.ca\/system\/leucemie-myeloide-chronique\/lmc-guides-therapeutiques\/\">Guides th\u00e9rapeutiques<\/a><\/li>\n\t<li class=\"page_item page-item-47\"><a href=\"https:\/\/www.gqr-lmc-nmp.ca\/system\/leucemie-myeloide-chronique\/registre-de-la-lmc\/\">Registre de la LMC<\/a><\/li>\n\t<li class=\"page_item page-item-50\"><a href=\"https:\/\/www.gqr-lmc-nmp.ca\/system\/leucemie-myeloide-chronique\/lmnc-aspects-de-laboratoire\/\">Aspects de laboratoire<\/a><\/li>\n\t<li class=\"page_item page-item-630\"><a href=\"https:\/\/www.gqr-lmc-nmp.ca\/system\/leucemie-myeloide-chronique\/outils\/\">Outils<\/a><\/li>\n<\/ul>\n<\/li>\n<li class=\"page_item page-item-53 page_item_has_children\"><a href=\"https:\/\/www.gqr-lmc-nmp.ca\/system\/neoplasies-myeloproliferatives\/\">N\u00e9oplasies my\u00e9loprolif\u00e9ratives (NMP)<\/a>\n<ul class='children'>\n\t<li class=\"page_item page-item-55\"><a href=\"https:\/\/www.gqr-lmc-nmp.ca\/system\/neoplasies-myeloproliferatives\/nmp-guides-therapeutiques\/\">Guides th\u00e9rapeutiques<\/a><\/li>\n\t<li class=\"page_item page-item-57\"><a href=\"https:\/\/www.gqr-lmc-nmp.ca\/system\/neoplasies-myeloproliferatives\/registre-des-nmp\/\">Registre des NMP<\/a><\/li>\n\t<li class=\"page_item page-item-61\"><a href=\"https:\/\/www.gqr-lmc-nmp.ca\/system\/neoplasies-myeloproliferatives\/nmp-aspects-de-laboratoire\/\">Aspects de laboratoire<\/a><\/li>\n\t<li class=\"page_item page-item-635\"><a href=\"https:\/\/www.gqr-lmc-nmp.ca\/system\/neoplasies-myeloproliferatives\/outils\/\">Outils<\/a><\/li>\n<\/ul>\n<\/li>\n<li class=\"page_item page-item-10\"><a href=\"https:\/\/www.gqr-lmc-nmp.ca\/system\/notice-legale\/\">Notice l\u00e9gale<\/a><\/li>\n<li class=\"page_item page-item-8\"><a href=\"https:\/\/www.gqr-lmc-nmp.ca\/system\/plan-du-site\/\">Plan du site<\/a><\/li>\n<\/ul><\/li><li><a href=\"https:\/\/www.gqr-lmc-nmp.ca\/system\/?post_type=post\">Posts<\/a> (22)<ul>\n<li class=\"categories\">Cat\u00e9gories<ul>\t<li class=\"cat-item cat-item-2\"><a href=\"https:\/\/www.gqr-lmc-nmp.ca\/system\/category\/nouvelles\/\">Nouvelles<\/a> (17)\n<\/li>\n<\/ul><\/li><li class=\"post_tag\">Mots-clefs<ul><li class=\"cat-item-none\">(vide)<\/li><\/ul><\/li><\/ul><\/li>\n<li><a href=\"https:\/\/www.gqr-lmc-nmp.ca\/system\/evenements\/\">\u00c9v\u00e9nements - \u00c9ducation m\u00e9dicale continue<\/a> (10)<ul>\n<\/ul><\/li>\n<\/ul>\n\n","protected":false},"excerpt":{"rendered":"","protected":false},"author":5,"featured_media":0,"parent":0,"menu_order":110,"comment_status":"closed","ping_status":"closed","template":"","meta":{"footnotes":""},"_links":{"self":[{"href":"https:\/\/www.gqr-lmc-nmp.ca\/system\/wp-json\/wp\/v2\/pages\/8"}],"collection":[{"href":"https:\/\/www.gqr-lmc-nmp.ca\/system\/wp-json\/wp\/v2\/pages"}],"about":[{"href":"https:\/\/www.gqr-lmc-nmp.ca\/system\/wp-json\/wp\/v2\/types\/page"}],"author":[{"embeddable":true,"href":"https:\/\/www.gqr-lmc-nmp.ca\/system\/wp-json\/wp\/v2\/users\/5"}],"replies":[{"embeddable":true,"href":"https:\/\/www.gqr-lmc-nmp.ca\/system\/wp-json\/wp\/v2\/comments?post=8"}],"version-history":[{"count":1,"href":"https:\/\/www.gqr-lmc-nmp.ca\/system\/wp-json\/wp\/v2\/pages\/8\/revisions"}],"predecessor-version":[{"id":96,"href":"https:\/\/www.gqr-lmc-nmp.ca\/system\/wp-json\/wp\/v2\/pages\/8\/revisions\/96"}],"wp:attachment":[{"href":"https:\/\/www.gqr-lmc-nmp.ca\/system\/wp-json\/wp\/v2\/media?parent=8"}],"curies":[{"name":"wp","href":"https:\/\/api.w.org\/{rel}","templated":true}]}}