{"id":7,"date":"2012-01-01T00:00:00","date_gmt":"2012-01-01T00:00:00","guid":{"rendered":"http:\/\/gqr-lmc-nmp.ca\/system\/?page_id=2"},"modified":"2024-02-09T12:06:52","modified_gmt":"2024-02-09T17:06:52","slug":"contenu-par-defaut","status":"publish","type":"page","link":"https:\/\/www.gqr-lmc-nmp.ca\/system\/contenu-par-defaut\/","title":{"rendered":"Composition du groupe"},"content":{"rendered":"<p>Le Groupe qu\u00e9b\u00e9cois de recherche en LMC-NMP est compos\u00e9 d\u2019h\u00e9matologues provenant de la majorit\u00e9 des centres hospitaliers de la province et qui ont une expertise sp\u00e9cifique en LMC et en NMP.<\/p>\n<h2>Membres du conseil d&rsquo;administration<\/h2>\n<h3><strong>Dr Lambert Busque<\/strong><\/h3>\n<p>Pr\u00e9sident d\u00e9l\u00e9gu\u00e9 aux aspect de recherche translationnelle<br \/>\nH\u00f4pital Maisonneuve-Rosemont.<\/p>\n<h3><strong>Dr Pierre Laneuville<\/strong><\/h3>\n<p>Secr\u00e9taire &amp; Vice-Pr\u00e9sident d\u00e9l\u00e9gu\u00e9 aux relations avec l&rsquo;industrie pharmaceutique<br \/>\nH\u00f4pital Royal-Victoria<\/p>\n<h3><strong>Dr Luigina Mollica<\/strong><\/h3>\n<p>Tr\u00e9sori\u00e8re &amp; Vice-Pr\u00e9sidente d\u00e9l\u00e9gu\u00e9e au r\u00e9seautage<br \/>\nH\u00f4pital Maisonneuve-Rosemont<\/p>\n<h3><strong>Dr Robert Delage<\/strong><\/h3>\n<p>Vice-Pr\u00e9sident d\u00e9l\u00e9gu\u00e9 aux relations avec les instances et aux aspects laboratoires<br \/>\nH\u00f4pital de l&rsquo;Enfant J\u00e9sus<strong><br \/>\n<\/strong><\/p>\n<h3><strong>Dr Harold Olney<\/strong><\/h3>\n<p>Vice-Pr\u00e9sident d\u00e9l\u00e9gu\u00e9 aux guides th\u00e9rapeutiques<br \/>\nCHUM<\/p>\n<h3><strong>Dr Sarit Assouline<\/strong><\/h3>\n<p>Vice-Pr\u00e9sidente d\u00e9l\u00e9gu\u00e9e \u00e0 la recherche clinique LMC<br \/>\nH\u00f4pital g\u00e9n\u00e9ral Juif<\/p>\n<h3><strong>Dr Shireen Sirhan<br \/>\n<\/strong><\/h3>\n<p>Vice-Pr\u00e9sidente d\u00e9l\u00e9gu\u00e9e \u00e0 la recherche clinique NMP<br \/>\nH\u00f4pital g\u00e9n\u00e9ral Juif<\/p>\n<h3><strong>Dr Natasha Szuber<br \/>\n<\/strong><\/h3>\n<p>Vice-Pr\u00e9sidente d\u00e9l\u00e9gu\u00e9e \u00e0 l&rsquo;\u00e9ducation m\u00e9dicale continue<br \/>\nH\u00f4pital Maisonneuve-Rosemont<\/p>\n<h3><strong>Dr Ghislain Cournoyer<\/strong><\/h3>\n<p>Vice-Pr\u00e9sident d\u00e9l\u00e9gu\u00e9 au R\u00e9seautage<br \/>\nCISSS des Laurentides<\/p>\n<h2>Membres votants<\/h2>\n<p>Ce statut est propos\u00e9 aux chercheurs principaux locaux participants aux Registres du Groupe. Ceux-ci repr\u00e9sente la voix des membres de son \u00e9tablissement et ont des responsabilit\u00e9s administratives. Par le fait m\u00eame, ils sont convoqu\u00e9s \u00e0 assister aux assembl\u00e9es annuelles du groupe de recherche.<\/p>\n<h2>Invit\u00e9s<\/h2>\n<p>Le Groupe qu\u00e9b\u00e9cois de recherche en LMC-NMP se veut ouvert \u00e0 toute la communaut\u00e9 avec un int\u00e9r\u00eat en LMC et NMP incluant les m\u00e9decins sp\u00e9cialistes, les chercheurs fondamentalistes, les pharmaciens et les infimiers. Ces invit\u00e9s pourront donc participer aux diff\u00e9rentes activit\u00e9s du groupe.<\/p>\n<h2><\/h2>\n<h3>Adresse et coordonn\u00e9es pour nous joindre: <a title=\"Coordonn\u00e9es pour nous joindre\" href=\"\/?page_id=310\"><span id=\"sample-permalink\" tabindex=\"-1\">C<span id=\"editable-post-name\" title=\"Cliquez pour modifier cette section du permalien\">oordonn\u00e9es pour nous joindre<\/span><\/span><\/a><\/h3>\n","protected":false},"excerpt":{"rendered":"<p>Le Groupe qu\u00e9b\u00e9cois de recherche en LMC-NMP est compos\u00e9 d\u2019h\u00e9matologues provenant de la majorit\u00e9 des centres hospitaliers de la province\u2026<\/p>\n","protected":false},"author":5,"featured_media":0,"parent":0,"menu_order":0,"comment_status":"closed","ping_status":"closed","template":"","meta":{"footnotes":""},"_links":{"self":[{"href":"https:\/\/www.gqr-lmc-nmp.ca\/system\/wp-json\/wp\/v2\/pages\/7"}],"collection":[{"href":"https:\/\/www.gqr-lmc-nmp.ca\/system\/wp-json\/wp\/v2\/pages"}],"about":[{"href":"https:\/\/www.gqr-lmc-nmp.ca\/system\/wp-json\/wp\/v2\/types\/page"}],"author":[{"embeddable":true,"href":"https:\/\/www.gqr-lmc-nmp.ca\/system\/wp-json\/wp\/v2\/users\/5"}],"replies":[{"embeddable":true,"href":"https:\/\/www.gqr-lmc-nmp.ca\/system\/wp-json\/wp\/v2\/comments?post=7"}],"version-history":[{"count":18,"href":"https:\/\/www.gqr-lmc-nmp.ca\/system\/wp-json\/wp\/v2\/pages\/7\/revisions"}],"predecessor-version":[{"id":843,"href":"https:\/\/www.gqr-lmc-nmp.ca\/system\/wp-json\/wp\/v2\/pages\/7\/revisions\/843"}],"wp:attachment":[{"href":"https:\/\/www.gqr-lmc-nmp.ca\/system\/wp-json\/wp\/v2\/media?parent=7"}],"curies":[{"name":"wp","href":"https:\/\/api.w.org\/{rel}","templated":true}]}}