{"id":635,"date":"2017-02-07T09:57:40","date_gmt":"2017-02-07T14:57:40","guid":{"rendered":"http:\/\/www.gqr-lmc-nmp.ca\/?page_id=635"},"modified":"2017-03-27T13:52:03","modified_gmt":"2017-03-27T17:52:03","slug":"outils","status":"publish","type":"page","link":"https:\/\/www.gqr-lmc-nmp.ca\/system\/neoplasies-myeloproliferatives\/outils\/","title":{"rendered":"Outils"},"content":{"rendered":"<p>Cette section contient plusieurs documents de r\u00e9f\u00e9rences ainsi que des hyperliens vers d\u2019autres sites internet jug\u00e9s int\u00e9ressants par le Groupe qu\u00e9b\u00e9cois de recherche en LMC-NMP.<\/p>\n<h2><strong>Outil&nbsp;prognostique&nbsp;<br \/>\n<\/strong><\/h2>\n<p><a href=\"https:\/\/www.mpnesimple.ca\/v10\/#wc:viewname=welcomedefault\" target=\"_blank\">https:\/\/www.mpnesimple.ca\/v10\/#wc:viewname=welcomedefault<\/a><\/p>\n<h2><strong>Score du risque de Framingham<\/strong><\/h2>\n<p><a href=\"https:\/\/www.cvdriskchecksecure.com\/FraminghamRiskScore.aspx\" target=\"_blank\">https:\/\/www.cvdriskchecksecure.com\/FraminghamRiskScore.aspx<\/a><\/p>\n<h2><strong>\u00c9valuation des sympt\u00f4mes<\/strong><\/h2>\n<p><a href=\"https:\/\/www.gqr-lmc-nmp.ca\/system\/system\/wp-content\/uploads\/2017\/02\/MPN-10fr.pdf\" target=\"_blank\" rel=\"\">MPN-SAF<\/a><\/p>\n<p>&nbsp;<\/p>\n<h2><span style=\"color: #835c85;\">&nbsp;<\/span><\/h2>\n","protected":false},"excerpt":{"rendered":"<p>Cette section contient plusieurs documents de r\u00e9f\u00e9rences ainsi que des hyperliens vers d\u2019autres sites internet jug\u00e9s int\u00e9ressants par le Groupe\u2026<\/p>\n","protected":false},"author":6,"featured_media":0,"parent":53,"menu_order":40,"comment_status":"closed","ping_status":"closed","template":"","meta":{"footnotes":""},"_links":{"self":[{"href":"https:\/\/www.gqr-lmc-nmp.ca\/system\/wp-json\/wp\/v2\/pages\/635"}],"collection":[{"href":"https:\/\/www.gqr-lmc-nmp.ca\/system\/wp-json\/wp\/v2\/pages"}],"about":[{"href":"https:\/\/www.gqr-lmc-nmp.ca\/system\/wp-json\/wp\/v2\/types\/page"}],"author":[{"embeddable":true,"href":"https:\/\/www.gqr-lmc-nmp.ca\/system\/wp-json\/wp\/v2\/users\/6"}],"replies":[{"embeddable":true,"href":"https:\/\/www.gqr-lmc-nmp.ca\/system\/wp-json\/wp\/v2\/comments?post=635"}],"version-history":[{"count":10,"href":"https:\/\/www.gqr-lmc-nmp.ca\/system\/wp-json\/wp\/v2\/pages\/635\/revisions"}],"predecessor-version":[{"id":746,"href":"https:\/\/www.gqr-lmc-nmp.ca\/system\/wp-json\/wp\/v2\/pages\/635\/revisions\/746"}],"up":[{"embeddable":true,"href":"https:\/\/www.gqr-lmc-nmp.ca\/system\/wp-json\/wp\/v2\/pages\/53"}],"wp:attachment":[{"href":"https:\/\/www.gqr-lmc-nmp.ca\/system\/wp-json\/wp\/v2\/media?parent=635"}],"curies":[{"name":"wp","href":"https:\/\/api.w.org\/{rel}","templated":true}]}}