{"id":55,"date":"2013-07-02T11:18:01","date_gmt":"2013-07-02T15:18:01","guid":{"rendered":"http:\/\/www.gqr-lmc-nmp.ca\/system\/?page_id=55"},"modified":"2023-10-15T08:40:52","modified_gmt":"2023-10-15T12:40:52","slug":"nmp-guides-therapeutiques","status":"publish","type":"page","link":"https:\/\/www.gqr-lmc-nmp.ca\/system\/neoplasies-myeloproliferatives\/nmp-guides-therapeutiques\/","title":{"rendered":"Guides th\u00e9rapeutiques"},"content":{"rendered":"<h2 align=\"center\"><b>Lignes directrices du traitement des N\u00e9oplasie my\u00e9loprolif\u00e9ratives<\/b><\/h2>\n<p align=\"center\"><strong>Version 2022<\/strong><\/p>\n<p><a href=\"https:\/\/www.gqr-lmc-nmp.ca\/system\/wp-content\/uploads\/2023\/03\/Lignes-directrices-NMP-2022-.pdf\" rel=\"\">Ligne directrice\u00a0 NMP &#8211; Version 2022<\/a><\/p>\n<p>&nbsp;<\/p>\n<p><a href=\"https:\/\/www.gqr-lmc-nmp.ca\/system\/wp-content\/uploads\/2023\/10\/7026_Brochure_mastocytose_WEB_3.0ED.pdf\">Ligne directrice Mastocytose &#8211; Version 2023<\/a><\/p>\n","protected":false},"excerpt":{"rendered":"<p>Lignes directrices du traitement des N\u00e9oplasie my\u00e9loprolif\u00e9ratives Version 2022 Ligne directrice\u00a0 NMP &#8211; Version 2022 &nbsp; Ligne directrice Mastocytose &#8211;\u2026<\/p>\n","protected":false},"author":5,"featured_media":0,"parent":53,"menu_order":10,"comment_status":"closed","ping_status":"closed","template":"","meta":{"footnotes":""},"_links":{"self":[{"href":"https:\/\/www.gqr-lmc-nmp.ca\/system\/wp-json\/wp\/v2\/pages\/55"}],"collection":[{"href":"https:\/\/www.gqr-lmc-nmp.ca\/system\/wp-json\/wp\/v2\/pages"}],"about":[{"href":"https:\/\/www.gqr-lmc-nmp.ca\/system\/wp-json\/wp\/v2\/types\/page"}],"author":[{"embeddable":true,"href":"https:\/\/www.gqr-lmc-nmp.ca\/system\/wp-json\/wp\/v2\/users\/5"}],"replies":[{"embeddable":true,"href":"https:\/\/www.gqr-lmc-nmp.ca\/system\/wp-json\/wp\/v2\/comments?post=55"}],"version-history":[{"count":11,"href":"https:\/\/www.gqr-lmc-nmp.ca\/system\/wp-json\/wp\/v2\/pages\/55\/revisions"}],"predecessor-version":[{"id":838,"href":"https:\/\/www.gqr-lmc-nmp.ca\/system\/wp-json\/wp\/v2\/pages\/55\/revisions\/838"}],"up":[{"embeddable":true,"href":"https:\/\/www.gqr-lmc-nmp.ca\/system\/wp-json\/wp\/v2\/pages\/53"}],"wp:attachment":[{"href":"https:\/\/www.gqr-lmc-nmp.ca\/system\/wp-json\/wp\/v2\/media?parent=55"}],"curies":[{"name":"wp","href":"https:\/\/api.w.org\/{rel}","templated":true}]}}