{"id":47,"date":"2013-07-02T11:15:40","date_gmt":"2013-07-02T15:15:40","guid":{"rendered":"http:\/\/www.gqr-lmc-nmp.ca\/system\/?page_id=47"},"modified":"2025-04-04T10:14:23","modified_gmt":"2025-04-04T14:14:23","slug":"registre-de-la-lmc","status":"publish","type":"page","link":"https:\/\/www.gqr-lmc-nmp.ca\/system\/leucemie-myeloide-chronique\/registre-de-la-lmc\/","title":{"rendered":"Registre de la LMC"},"content":{"rendered":"<h2><strong>Historique<\/strong><\/h2>\n<div id=\"gt-res-content\">\n<div dir=\"ltr\">La gestion de la LMC a \u00e9t\u00e9 r\u00e9volutionn\u00e9 au cours de la derni\u00e8re d\u00e9cennie. En 2009, les leaders d&rsquo;opinion du Qu\u00e9bec en LMC, dirig\u00e9e par les Drs Lambert Busque et Pierre Laneuville, sont venus \u00e0 la conclusion que la complexit\u00e9 croissante de la gestion de la LMC (nombre d&rsquo;options TKI, de surveillance de laboratoire raffin\u00e9), coupl\u00e9 \u00e0 l&rsquo;augmentation de la survie des patients atteints de LMC, a appel\u00e9 \u00e0 la cr\u00e9ation d&rsquo;une infrastructure qui permettrait d&rsquo;obtenir une image r\u00e9elle du paysage de la\u00a0 LMC au Qu\u00e9bec. L&rsquo;id\u00e9e principale \u00e9tait de recueillir des donn\u00e9es de base, de traitement et de r\u00e9sultats de patients atteints de LMC au Qu\u00e9bec par la mise en \u0153uvre d&rsquo;un registre prospectif et r\u00e9trospectif pan-provinciale.<\/div>\n<div dir=\"ltr\"><\/div>\n<div dir=\"ltr\">\n<div id=\"gt-res-content\">\n<div dir=\"ltr\">Le Registre de la LMC a \u00e9t\u00e9 officiellement lanc\u00e9 \u00e0 la fin de 2009. Le premier site \u00e0 \u00eatre activ\u00e9 \u00e9tait l&rsquo;H\u00f4pital Maisonneuve- Rosemont (HMR) , un h\u00f4pital affili\u00e9 \u00e0 l&rsquo;Universit\u00e9 de Montr\u00e9al , et reconnu pour son leadership en h\u00e9matologie. D&rsquo;autres sites ont alors \u00e9t\u00e9 activ\u00e9s de fa\u00e7on progressive, de mani\u00e8re qu&rsquo;\u00e0 la fin de 2011, 10 sites participaient au Registre et 17 sites \u00e0 la fin de l&rsquo;ann\u00e9e 2013.\u00a0 Le Registre de la LMC b\u00e9n\u00e9ficie maintenant de la participation des h\u00f4pitaux affili\u00e9s \u00e0 chacune des facult\u00e9s de m\u00e9decine du Qu\u00e9bec , et de la majorit\u00e9 des h\u00f4pitaux communautaires de la province offrant des soins aux patients atteints de LMC.<\/div>\n<div dir=\"ltr\"><\/div>\n<div dir=\"ltr\">La participation enthousiaste des h\u00e9matologues et des patients de la province a permis le recrutement de plus de 1100 patients atteints de LMC d\u00e9j\u00e0, ce qui correspond \u00e0 plus de 60% de la population totale de la LMC dans la province.<\/div>\n<h2 dir=\"ltr\"><strong>Sites participant et chercheurs responsables local<\/strong><\/h2>\n<ul>\n<li>H\u00f4pital Maisonneuve-Rosemont &#8211; Dr Lambert Busque<\/li>\n<li>H\u00f4pital g\u00e9n\u00e9ral juif &#8211; Dre Sarit Assouline<\/li>\n<li>CUSM &#8211; Glen &#8211; Dr Pierre Laneuville<\/li>\n<li>H\u00f4pital r\u00e9gional de Rimouski &#8211; Dre Katerine Marquis<\/li>\n<li>CHUS &#8211; Dr Vincent Ethier<\/li>\n<li>CSSS de Gatineau &#8211; Dr Khalid Azzouzi<\/li>\n<li>H\u00f4pital Charles-LeMoyne &#8211; Dre Annie-Claude <span data-olk-copy-source=\"MessageBody\">Dub\u00e9-Leduc<\/span><\/li>\n<li>Centre hospitalier r\u00e9gional de Trois-Rivi\u00e8res &#8211; Dre Anouk Tremblay<\/li>\n<li>Cit\u00e9 de la Sant\u00e9 de Laval &#8211; Dre Danielle Talbot<\/li>\n<li>H\u00f4pital Pierre-Le Gardeur &#8211; Dr Hossein Jamali<\/li>\n<li>H\u00f4pital r\u00e9gional de St-J\u00e9rome &#8211; Dr Ghislain Cournoyer<\/li>\n<li>CHUM &#8211; Dr Harold Olney<\/li>\n<li>H\u00f4pital Ste-Mary&rsquo;s &#8211; Dr Jaroslav Prchal<\/li>\n<li>H\u00f4tel-Dieu de L\u00e9vis &#8211; Dre Dani\u00e8le Marceau<\/li>\n<li>CHU de Qu\u00e9bec &#8211; Dr Robert Delage<\/li>\n<li>H\u00f4pital du Sacr\u00e9-C\u0153ur de Montr\u00e9al &#8211; Dre In\u00e8s Chamaki<\/li>\n<li>H\u00f4pital de Verdun &#8211; Dr Martin A. Champagne<\/li>\n<li>H\u00f4pital Honor\u00e9-Mercier &#8211; Dre Catherine Girard-Desbiens<strong><br \/>\n<\/strong><\/li>\n<li>R\u00e9seau de sant\u00e9 Vitalit\u00e9 Health Network \/ Centre hospitalier universitaire Dr-Georges-L.-Dumont &#8211; Dre Eve St-Hilaire<\/li>\n<li>H\u00f4pital du Haut-Richelieu &#8211; Dre Annie Lacroix<\/li>\n<li>H\u00f4pital de Chicoutimi &#8211; Dre Vanessa Brunet<\/li>\n<\/ul>\n<\/div>\n<\/div>\n<\/div>\n","protected":false},"excerpt":{"rendered":"<p>Historique La gestion de la LMC a \u00e9t\u00e9 r\u00e9volutionn\u00e9 au cours de la derni\u00e8re d\u00e9cennie. En 2009, les leaders d&rsquo;opinion\u2026<\/p>\n","protected":false},"author":5,"featured_media":0,"parent":43,"menu_order":20,"comment_status":"closed","ping_status":"closed","template":"","meta":{"footnotes":""},"_links":{"self":[{"href":"https:\/\/www.gqr-lmc-nmp.ca\/system\/wp-json\/wp\/v2\/pages\/47"}],"collection":[{"href":"https:\/\/www.gqr-lmc-nmp.ca\/system\/wp-json\/wp\/v2\/pages"}],"about":[{"href":"https:\/\/www.gqr-lmc-nmp.ca\/system\/wp-json\/wp\/v2\/types\/page"}],"author":[{"embeddable":true,"href":"https:\/\/www.gqr-lmc-nmp.ca\/system\/wp-json\/wp\/v2\/users\/5"}],"replies":[{"embeddable":true,"href":"https:\/\/www.gqr-lmc-nmp.ca\/system\/wp-json\/wp\/v2\/comments?post=47"}],"version-history":[{"count":22,"href":"https:\/\/www.gqr-lmc-nmp.ca\/system\/wp-json\/wp\/v2\/pages\/47\/revisions"}],"predecessor-version":[{"id":860,"href":"https:\/\/www.gqr-lmc-nmp.ca\/system\/wp-json\/wp\/v2\/pages\/47\/revisions\/860"}],"up":[{"embeddable":true,"href":"https:\/\/www.gqr-lmc-nmp.ca\/system\/wp-json\/wp\/v2\/pages\/43"}],"wp:attachment":[{"href":"https:\/\/www.gqr-lmc-nmp.ca\/system\/wp-json\/wp\/v2\/media?parent=47"}],"curies":[{"name":"wp","href":"https:\/\/api.w.org\/{rel}","templated":true}]}}