{"id":134,"date":"2013-09-24T16:07:58","date_gmt":"2013-09-24T20:07:58","guid":{"rendered":"http:\/\/www.gqr-lmc-nmp.ca\/system\/?page_id=134"},"modified":"2017-02-07T14:27:52","modified_gmt":"2017-02-07T19:27:52","slug":"liens-utiles-documentation","status":"publish","type":"page","link":"https:\/\/www.gqr-lmc-nmp.ca\/system\/liens-utiles-documentation\/","title":{"rendered":"Liens utiles \/ Documentation"},"content":{"rendered":"<p>Cette section contient plusieurs&nbsp;hyperliens vers d&rsquo;autres sites internet jug\u00e9s int\u00e9ressants par le Groupe qu\u00e9b\u00e9cois de recherche en LMC-NMP.<\/p>\n<h2><strong>Groupes de recherche en oncologie<\/strong><\/h2>\n<h3>France intergroupe des leuc\u00e9mies my\u00e9lo\u00efdes chroniques<\/h3>\n<p><a href=\"http:\/\/www.lmc-cml.org\/fr\/\" target=\"_blank\">http:\/\/www.lmc-cml.org\/fr\/<\/a><\/p>\n<h3>Groupe d&rsquo;\u00e9tude en oncologie du Qu\u00e9bec<\/h3>\n<p><a href=\"http:\/\/www.geoq.com\/\" target=\"_blank\">http:\/\/www.geoq.com\/<\/a><\/p>\n<h3>Consortium de recherche en oncologie clinique du Qu\u00e9bec (Q-CROC)<\/h3>\n<p><a href=\"http:\/\/www.qcroc.ca\/accueil\" target=\"_blank\">http:\/\/www.qcroc.ca\/<\/a><\/p>\n<h2><strong>Information sur le cancer et les essais cliniques<\/strong><\/h2>\n<h3>Soci\u00e9t\u00e9 Canadienne du Cancer<\/h3>\n<p><a href=\"http:\/\/www.cancer.ca\/fr-ca\/cancer-information\/cancer-type\/leukemia-chronic-myelogenous-cml\/overview\/?region=qc\" target=\"_blank\">http:\/\/www.cancer.ca\/fr-ca\/cancer-information\/cancer-type\/leukemia-chronic-myelogenous-cml\/overview\/?region=qc<\/a><\/p>\n<p><a href=\"http:\/\/www.cancer.ca\/fr-ca\/cancer-information\/cancer-type\/leukemia\/leukemia\/myelodysplastic-myeloproliferative-neoplasms\/?region=qc\" target=\"_blank\">http:\/\/www.cancer.ca\/fr-ca\/cancer-information\/cancer-type\/leukemia\/leukemia\/myelodysplastic-myeloproliferative-neoplasms\/?region=qc<\/a><\/p>\n<h3>Soci\u00e9t\u00e9 de leuc\u00e9mie et lymphome du Canada<\/h3>\n<p><a href=\"http:\/\/www.sllcanada.org\/\" target=\"_blank\">http:\/\/www.sllcanada.org\/<\/a><\/p>\n<h3>Vue sur le cancer<\/h3>\n<p><a href=\"http:\/\/www.vuesurlecancer.ca\" target=\"_blank\">http:\/\/www.vuesurlecancer.ca\/<\/a><\/p>\n<h3>Essais canadiens sur le cancer<\/h3>\n<p><a href=\"http:\/\/www.canadiancancertrials.ca\/Default.aspx?lang=frhttp:\/\/www.geoq.com\/\" target=\"_blank\">http:\/\/www.canadiancancertrials.ca\/<\/a><\/p>\n<h3>ClinicalTrials.gov<\/h3>\n<p><a href=\"http:\/\/clinicaltrials.gov\/\" target=\"_blank\">http:\/\/clinicaltrials.gov<\/a><\/p>\n<h3>Hematology Newsboard<\/h3>\n<p><a href=\"http:\/\/hematologynewsboard.com\/\" target=\"_blank\">http:\/\/hematologynewsboard.com\/<\/a><\/p>\n<p>&nbsp;<\/p>\n<h2><strong>Autres lignes directrices de traitement en LMC et NMP<\/strong><\/h2>\n<h3>National Comprehensive Cancer Network (\u00c9tats-Unis)<\/h3>\n<p><a href=\"http:\/\/www.nccn.org\/\" target=\"_blank\">http:\/\/www.nccn.org\/<\/a><\/p>\n<h3>European LeukemiaNet (ELN)<\/h3>\n<p><a href=\"http:\/\/www.leukemia-net.org\/content\/leukemias\/cml\/recommendations\/index_eng.html\" target=\"_blank\">http:\/\/www.leukemia-net.org\/content\/leukemias\/cml\/recommendations\/index_eng.html<\/a><\/p>\n<h2>&nbsp;<\/h2>\n","protected":false},"excerpt":{"rendered":"<p>Cette section contient plusieurs&nbsp;hyperliens vers d&rsquo;autres sites internet jug\u00e9s int\u00e9ressants par le Groupe qu\u00e9b\u00e9cois de recherche en LMC-NMP. Groupes de\u2026<\/p>\n","protected":false},"author":2,"featured_media":0,"parent":0,"menu_order":0,"comment_status":"closed","ping_status":"closed","template":"","meta":{"footnotes":""},"_links":{"self":[{"href":"https:\/\/www.gqr-lmc-nmp.ca\/system\/wp-json\/wp\/v2\/pages\/134"}],"collection":[{"href":"https:\/\/www.gqr-lmc-nmp.ca\/system\/wp-json\/wp\/v2\/pages"}],"about":[{"href":"https:\/\/www.gqr-lmc-nmp.ca\/system\/wp-json\/wp\/v2\/types\/page"}],"author":[{"embeddable":true,"href":"https:\/\/www.gqr-lmc-nmp.ca\/system\/wp-json\/wp\/v2\/users\/2"}],"replies":[{"embeddable":true,"href":"https:\/\/www.gqr-lmc-nmp.ca\/system\/wp-json\/wp\/v2\/comments?post=134"}],"version-history":[{"count":21,"href":"https:\/\/www.gqr-lmc-nmp.ca\/system\/wp-json\/wp\/v2\/pages\/134\/revisions"}],"predecessor-version":[{"id":668,"href":"https:\/\/www.gqr-lmc-nmp.ca\/system\/wp-json\/wp\/v2\/pages\/134\/revisions\/668"}],"wp:attachment":[{"href":"https:\/\/www.gqr-lmc-nmp.ca\/system\/wp-json\/wp\/v2\/media?parent=134"}],"curies":[{"name":"wp","href":"https:\/\/api.w.org\/{rel}","templated":true}]}}