{"id":111,"date":"2013-09-24T14:17:23","date_gmt":"2013-09-24T18:17:23","guid":{"rendered":"http:\/\/www.gqr-lmc-nmp.ca\/system\/?page_id=111"},"modified":"2014-05-20T14:47:26","modified_gmt":"2014-05-20T18:47:26","slug":"missions-et-objectifs","status":"publish","type":"page","link":"https:\/\/www.gqr-lmc-nmp.ca\/system\/missions-et-objectifs\/","title":{"rendered":"Missions et objectifs"},"content":{"rendered":"<p>Le Groupe qu\u00e9b\u00e9cois de recherche en leuc\u00e9mie my\u00e9lo\u00efde chronique (LMC) et n\u00e9oplasies my\u00e9loprolif\u00e9ratives (NMP) est un organisme \u00e0 but non lucratif fond\u00e9 en 2011.<\/p>\n<p>Le Groupe de recherche en LMC-NMP a comme mandat de:<\/p>\n<ol>\n<li>Favoriser la recherche clinique en LMC et NMP de mani\u00e8re innovatrice.<\/li>\n<li>Optimiser la prise en charge de la LMC et des NMP:\n<ul>\n<li>en d\u00e9veloppant des outils, approches et m\u00e9thodes pour optimiser les th\u00e9rapies<\/li>\n<li>en s\u2019assurant du passage rapide et fructueux de la recherche vers la pratique clinique<\/li>\n<\/ul>\n<\/li>\n<li>Offrir \u00e0 ses membres ainsi qu\u2019\u00e0 toute personne du milieu une \u00e9ducation m\u00e9dicale relative \u00e0 la &nbsp;LMC et aux NMP.<\/li>\n<\/ol>\n","protected":false},"excerpt":{"rendered":"<p>Le Groupe qu\u00e9b\u00e9cois de recherche en leuc\u00e9mie my\u00e9lo\u00efde chronique (LMC) et n\u00e9oplasies my\u00e9loprolif\u00e9ratives (NMP) est un organisme \u00e0 but non\u2026<\/p>\n","protected":false},"author":2,"featured_media":0,"parent":0,"menu_order":0,"comment_status":"closed","ping_status":"closed","template":"","meta":{"footnotes":""},"_links":{"self":[{"href":"https:\/\/www.gqr-lmc-nmp.ca\/system\/wp-json\/wp\/v2\/pages\/111"}],"collection":[{"href":"https:\/\/www.gqr-lmc-nmp.ca\/system\/wp-json\/wp\/v2\/pages"}],"about":[{"href":"https:\/\/www.gqr-lmc-nmp.ca\/system\/wp-json\/wp\/v2\/types\/page"}],"author":[{"embeddable":true,"href":"https:\/\/www.gqr-lmc-nmp.ca\/system\/wp-json\/wp\/v2\/users\/2"}],"replies":[{"embeddable":true,"href":"https:\/\/www.gqr-lmc-nmp.ca\/system\/wp-json\/wp\/v2\/comments?post=111"}],"version-history":[{"count":8,"href":"https:\/\/www.gqr-lmc-nmp.ca\/system\/wp-json\/wp\/v2\/pages\/111\/revisions"}],"predecessor-version":[{"id":259,"href":"https:\/\/www.gqr-lmc-nmp.ca\/system\/wp-json\/wp\/v2\/pages\/111\/revisions\/259"}],"wp:attachment":[{"href":"https:\/\/www.gqr-lmc-nmp.ca\/system\/wp-json\/wp\/v2\/media?parent=111"}],"curies":[{"name":"wp","href":"https:\/\/api.w.org\/{rel}","templated":true}]}}